{"id":3,"date":"2025-06-25T18:31:41","date_gmt":"2025-06-25T18:31:41","guid":{"rendered":"https:\/\/fgzdorovie.com\/?page_id=3"},"modified":"2025-07-10T17:47:27","modified_gmt":"2025-07-10T17:47:27","slug":"privacy-policy","status":"publish","type":"page","link":"https:\/\/www.fgzdorovie.com\/de\/privacy-policy\/","title":{"rendered":"Datenschutzerkl\u00e4rung"},"content":{"rendered":"\t\t<div data-elementor-type=\"wp-page\" data-elementor-id=\"3\" class=\"elementor elementor-3\" data-elementor-post-type=\"page\">\n\t\t\t\t<div class=\"elementor-element elementor-element-236e5e2c e-flex e-con-boxed e-con e-parent\" data-id=\"236e5e2c\" data-element_type=\"container\">\n\t\t\t\t\t<div class=\"e-con-inner\">\n\t\t\t\t<div class=\"elementor-element elementor-element-42a76655 elementor-widget elementor-widget-text-editor\" data-id=\"42a76655\" data-element_type=\"widget\" data-widget_type=\"text-editor.default\">\n\t\t\t\t<div class=\"elementor-widget-container\">\n\t\t\t\t\t\t\t\t\t<h2 data-start=\"252\" data-end=\"281\"><strong data-start=\"282\" data-end=\"309\" style=\"font-size: 16px; font-style: inherit; color: var( --e-global-color-astglobalcolor3 ); font-family: var( --e-global-typography-text-font-family ), Sans-serif; text-align: var(--text-align);\">G\u00fcltig f\u00fcr die Website:<\/strong><span style=\"font-size: 16px; font-style: inherit; font-weight: inherit; color: rgb(51, 65, 85); font-family: var( --e-global-typography-text-font-family ), Sans-serif; text-align: var(--text-align);\"> <\/span><a class=\"\" href=\"https:\/\/www.fgzdorovie.com\/\" target=\"_new\" rel=\"noopener\" data-start=\"310\" data-end=\"366\" style=\"font-size: 16px; font-style: inherit; font-weight: inherit; font-family: var( --e-global-typography-text-font-family ), Sans-serif; text-align: var(--text-align);\">https:\/\/www.fgzdorovie.com<\/a><br><\/h2>\n<hr data-start=\"368\" data-end=\"371\">\n<h3 data-start=\"373\" data-end=\"402\"><strong data-start=\"377\" data-end=\"400\">Allgemeine Hinweise<\/strong><\/h3>\n<p data-start=\"403\" data-end=\"629\">Diese Datenschutzerkl\u00e4rung informiert Sie dar\u00fcber, was mit Ihren personenbezogenen Daten passiert, wenn Sie unsere Website besuchen. Personenbezogene Daten sind alle Daten, mit denen Sie pers\u00f6nlich identifiziert werden k\u00f6nnen.<\/p>\n<p data-start=\"631\" data-end=\"790\">Wir behandeln Ihre personenbezogenen Daten vertraulich und entsprechend der gesetzlichen Datenschutzvorschriften sowie dieser Datenschutzerkl\u00e4rung gem\u00e4\u00df DSGVO.<\/p>\n<hr data-start=\"792\" data-end=\"795\">\n<h3 data-start=\"797\" data-end=\"829\"><strong data-start=\"801\" data-end=\"827\">Verantwortliche Stelle<\/strong><\/h3>\n<p data-start=\"830\" data-end=\"941\"><strong data-start=\"830\" data-end=\"844\">FGZdorovie<\/strong><br data-start=\"844\" data-end=\"847\">H\u00f6rweg 17<br data-start=\"856\" data-end=\"859\">81248 M\u00fcnchen<br data-start=\"872\" data-end=\"875\">Deutschland<br data-start=\"886\" data-end=\"889\">E-Mail: <a class=\"cursor-pointer\" rel=\"noopener\" data-start=\"897\" data-end=\"916\">info@fgzdorovie.com<\/a><br data-start=\"916\" data-end=\"919\">Tel.: +49 151 22676767<\/p>\n<hr data-start=\"943\" data-end=\"946\">\n<h3 data-start=\"948\" data-end=\"989\"><strong data-start=\"952\" data-end=\"987\">Zugriffsdaten (Server-Logfiles)<\/strong><\/h3>\n<p data-start=\"990\" data-end=\"1070\">Beim Besuch unserer Website werden automatisch Daten durch den Server erfasst:<\/p>\n<ul data-start=\"1071\" data-end=\"1248\">\n<li data-start=\"1071\" data-end=\"1098\">\n<p data-start=\"1073\" data-end=\"1098\">Browsertyp und -version<\/p>\n<\/li>\n<li data-start=\"1099\" data-end=\"1129\">\n<p data-start=\"1101\" data-end=\"1129\">verwendetes Betriebssystem<\/p>\n<\/li>\n<li data-start=\"1130\" data-end=\"1146\">\n<p data-start=\"1132\" data-end=\"1146\">Referrer URL<\/p>\n<\/li>\n<li data-start=\"1147\" data-end=\"1185\">\n<p data-start=\"1149\" data-end=\"1185\">Hostname des zugreifenden Rechners<\/p>\n<\/li>\n<li data-start=\"1186\" data-end=\"1215\">\n<p data-start=\"1188\" data-end=\"1215\">Uhrzeit der Serveranfrage<\/p>\n<\/li>\n<li data-start=\"1216\" data-end=\"1248\">\n<p data-start=\"1218\" data-end=\"1248\">IP-Adresse (ggf. anonymisiert)<\/p>\n<\/li>\n<\/ul>\n<p data-start=\"1250\" data-end=\"1458\">Diese Daten werden ausschlie\u00dflich zur Sicherstellung eines st\u00f6rungsfreien Betriebs und zur Verbesserung unserer Website ausgewertet (Art. 6 Abs. 1 lit. f DSGVO). Ein R\u00fcckschluss auf Ihre Person erfolgt nicht.<\/p>\n<hr data-start=\"1460\" data-end=\"1463\">\n<h3 data-start=\"1465\" data-end=\"1482\"><strong data-start=\"1469\" data-end=\"1480\">Cookies<\/strong><\/h3>\n<p data-start=\"1483\" data-end=\"1746\">Wir verwenden Cookies, um unsere Website nutzerfreundlicher zu gestalten. Rechtsgrundlage ist Art. 6 Abs. 1 lit. f DSGVO.<br data-start=\"1604\" data-end=\"1607\">Sie k\u00f6nnen Ihren Browser so einstellen, dass Sie \u00fcber das Setzen von Cookies informiert werden und einzelne Cookies erlauben oder ablehnen.<\/p>\n<hr data-start=\"1748\" data-end=\"1751\">\n<h3 data-start=\"1753\" data-end=\"1795\"><strong data-start=\"1757\" data-end=\"1793\">Kontaktformular &amp; E-Mail-Kontakt<\/strong><\/h3>\n<p data-start=\"1796\" data-end=\"2056\">Wenn Sie uns per Kontaktformular oder E-Mail Anfragen senden, speichern wir Ihre Angaben zur Bearbeitung der Anfrage und f\u00fcr Anschlussfragen.<br data-start=\"1937\" data-end=\"1940\">Rechtsgrundlage ist Art. 6 Abs. 1 lit. a DSGVO (Einwilligung).<br data-start=\"2002\" data-end=\"2005\">Sie k\u00f6nnen diese Einwilligung jederzeit widerrufen.<\/p>\n<hr data-start=\"2058\" data-end=\"2061\">\n<h3 data-start=\"2063\" data-end=\"2088\"><strong data-start=\"2067\" data-end=\"2088\">Plugins und Tools<\/strong><\/h3>\n<h4 data-start=\"2090\" data-end=\"2134\"><strong data-start=\"2095\" data-end=\"2132\">1. Facebook (Like &amp; Share-Button)<\/strong><\/h4>\n<p data-start=\"2135\" data-end=\"2318\">Facebook Inc., 1 Hacker Way, Menlo Park, California 94025, USA<br data-start=\"2197\" data-end=\"2200\">Datenschutzerkl\u00e4rung: <a class=\"\" href=\"https:\/\/de-de.facebook.com\/privacy\/explanation\" target=\"_new\" rel=\"noopener\" data-start=\"2222\" data-end=\"2318\">https:\/\/de-de.facebook.com\/privacy\/explanation<\/a><\/p>\n<h4 data-start=\"2320\" data-end=\"2343\"><strong data-start=\"2325\" data-end=\"2341\">2. Instagram<\/strong><\/h4>\n<p data-start=\"2344\" data-end=\"2514\">Instagram Inc., 1601 Willow Road, Menlo Park, CA 94025, USA<br data-start=\"2403\" data-end=\"2406\">Datenschutzerkl\u00e4rung: <a class=\"\" href=\"https:\/\/instagram.com\/about\/legal\/privacy\" target=\"_new\" rel=\"noopener\" data-start=\"2428\" data-end=\"2514\">https:\/\/instagram.com\/about\/legal\/privacy<\/a><\/p>\n<h4 data-start=\"2516\" data-end=\"2541\"><strong data-start=\"2521\" data-end=\"2539\">3. Google Maps<\/strong><\/h4>\n<p data-start=\"2542\" data-end=\"2800\">Google Ireland Ltd., Gordon House, Barrow Street, Dublin 4, Ireland<br data-start=\"2609\" data-end=\"2612\">Verwendung nur nach aktiver Zustimmung (Art. 6 Abs. 1 lit. a DSGVO)<br data-start=\"2679\" data-end=\"2682\">Datenschutzerkl\u00e4rung: <a class=\"\" href=\"https:\/\/www.google.de\/intl\/de\/policies\/privacy\" target=\"_new\" rel=\"noopener\" data-start=\"2704\" data-end=\"2800\">https:\/\/www.google.de\/intl\/de\/policies\/privacy<\/a><\/p>\n<hr data-start=\"2802\" data-end=\"2805\">\n<h3 data-start=\"2807\" data-end=\"2841\"><strong data-start=\"2811\" data-end=\"2839\">SSL-\/TLS-Verschl\u00fcsselung<\/strong><\/h3>\n<p data-start=\"2842\" data-end=\"2998\">Diese Seite nutzt SSL-\/TLS-Verschl\u00fcsselung zur sicheren \u00dcbertragung von Daten. Eine verschl\u00fcsselte Verbindung erkennen Sie am \u201ehttps:\/\/\u201c in der Adresszeile.<\/p>\n<hr data-start=\"3000\" data-end=\"3003\">\n<h2 data-start=\"3005\" data-end=\"3035\"><strong data-start=\"3008\" data-end=\"3035\">Ihre Rechte gem\u00e4\u00df DSGVO<\/strong><\/h2>\n<h3 data-start=\"3037\" data-end=\"3064\"><strong data-start=\"3041\" data-end=\"3062\">\u00a7 1 Speicherdauer<\/strong><\/h3>\n<p data-start=\"3065\" data-end=\"3205\">Personenbezogene Daten werden nur so lange gespeichert, wie es f\u00fcr den jeweiligen Zweck erforderlich ist oder gesetzlich vorgeschrieben ist.<\/p>\n<h3 data-start=\"3207\" data-end=\"3238\"><strong data-start=\"3211\" data-end=\"3236\">\u00a7 2 Betroffenenrechte<\/strong><\/h3>\n<h4 data-start=\"3239\" data-end=\"3268\">2.1 <strong data-start=\"3248\" data-end=\"3266\">Widerrufsrecht<\/strong><\/h4>\n<p data-start=\"3269\" data-end=\"3358\">Sie k\u00f6nnen eine bereits erteilte Einwilligung jederzeit widerrufen (Art. 7 Abs. 3 DSGVO).<\/p>\n<h4 data-start=\"3360\" data-end=\"3405\">2.2 <strong data-start=\"3369\" data-end=\"3403\">Auskunftsrecht (Art. 15 DSGVO)<\/strong><\/h4>\n<p data-start=\"3406\" data-end=\"3474\">Sie k\u00f6nnen Auskunft \u00fcber Ihre von uns verarbeiteten Daten verlangen.<\/p>\n<h4 data-start=\"3476\" data-end=\"3529\">2.3 <strong data-start=\"3485\" data-end=\"3527\">Recht auf Berichtigung (Art. 16 DSGVO)<\/strong><\/h4>\n<p data-start=\"3530\" data-end=\"3577\">Sie k\u00f6nnen unrichtige Daten korrigieren lassen.<\/p>\n<h4 data-start=\"3579\" data-end=\"3628\">2.4 <strong data-start=\"3588\" data-end=\"3626\">Recht auf L\u00f6schung (Art. 17 DSGVO)<\/strong><\/h4>\n<p data-start=\"3629\" data-end=\"3736\">Sie k\u00f6nnen verlangen, dass wir Ihre Daten l\u00f6schen, wenn keine gesetzlichen Aufbewahrungspflichten bestehen.<\/p>\n<h4 data-start=\"3738\" data-end=\"3809\">2.5 <strong data-start=\"3747\" data-end=\"3807\">Recht auf Einschr\u00e4nkung der Verarbeitung (Art. 18 DSGVO)<\/strong><\/h4>\n<p data-start=\"3810\" data-end=\"3896\">Sie k\u00f6nnen die Verarbeitung Ihrer Daten unter bestimmten Voraussetzungen einschr\u00e4nken.<\/p>\n<h4 data-start=\"3898\" data-end=\"3959\">2.6 <strong data-start=\"3907\" data-end=\"3957\">Recht auf Daten\u00fcbertragbarkeit (Art. 20 DSGVO)<\/strong><\/h4>\n<p data-start=\"3960\" data-end=\"4064\">Sie k\u00f6nnen verlangen, dass wir Ihre Daten in einem g\u00e4ngigen Format an Sie oder einen Dritten \u00fcbertragen.<\/p>\n<h4 data-start=\"4066\" data-end=\"4114\">2.7 <strong data-start=\"4075\" data-end=\"4112\">Widerspruchsrecht (Art. 21 DSGVO)<\/strong><\/h4>\n<p data-start=\"4115\" data-end=\"4194\">Sie k\u00f6nnen der Datenverarbeitung widersprechen, insbesondere bei Direktwerbung.<\/p>\n<h4 data-start=\"4196\" data-end=\"4272\">2.8 <strong data-start=\"4205\" data-end=\"4270\">Recht auf Beschwerde bei der Aufsichtsbeh\u00f6rde (Art. 77 DSGVO)<\/strong><\/h4>\n<p data-start=\"4273\" data-end=\"4540\">Sie k\u00f6nnen sich bei einer Datenschutzaufsichtsbeh\u00f6rde beschweren. Zust\u00e4ndig f\u00fcr uns ist:<br data-start=\"4361\" data-end=\"4364\"><strong data-start=\"4364\" data-end=\"4413\">Bayerisches Landesamt f\u00fcr Datenschutzaufsicht<\/strong><br data-start=\"4413\" data-end=\"4416\">Promenade 18, 91522 Ansbach<br data-start=\"4443\" data-end=\"4446\">E-Mail: <a class=\"cursor-pointer\" rel=\"noopener\" data-start=\"4454\" data-end=\"4478\">poststelle@lda.bayern.de<\/a><br data-start=\"4478\" data-end=\"4481\">Web: <a class=\"\" href=\"https:\/\/www.lda.bayern.de\/\" target=\"_new\" rel=\"noopener\" data-start=\"4486\" data-end=\"4540\">https:\/\/www.lda.bayern.de<\/a><\/p>\n<hr data-start=\"4542\" data-end=\"4545\">\n<h2 data-start=\"4547\" data-end=\"4592\"><strong data-start=\"4550\" data-end=\"4590\">\u00c4nderung dieser Datenschutzerkl\u00e4rung<\/strong><\/h2>\n<p data-start=\"4593\" data-end=\"4770\">Diese Datenschutzerkl\u00e4rung ist g\u00fcltig ab dem <strong data-start=\"4638\" data-end=\"4654\">8. Juli 2025<\/strong>.<br data-start=\"4655\" data-end=\"4658\">Wir behalten uns vor, sie im Zuge gesetzlicher \u00c4nderungen oder technischer Weiterentwicklungen zu aktualisieren.<\/p>\n<hr data-start=\"4772\" data-end=\"4775\">\n<p data-start=\"4777\" data-end=\"4820\">\u00a9\u202f2002\u20132025 RECHTSDOKUMENTE (Sequiter Inc.)<\/p>\t\t\t\t\t\t\t\t<\/div>\n\t\t\t\t<\/div>\n\t\t\t\t\t<\/div>\n\t\t\t\t<\/div>\n\t\t\t\t<\/div>\n\t\t","protected":false},"excerpt":{"rendered":"<p>G\u00fcltig f\u00fcr die Website: https:\/\/www.fgzdorovie.com Allgemeine Hinweise Diese Datenschutzerkl\u00e4rung informiert Sie dar\u00fcber, was mit Ihren personenbezogenen Daten passiert, wenn Sie [&hellip;]<\/p>\n","protected":false},"author":1,"featured_media":0,"parent":0,"menu_order":0,"comment_status":"closed","ping_status":"open","template":"","meta":{"site-sidebar-layout":"default","site-content-layout":"","ast-site-content-layout":"default","site-content-style":"default","site-sidebar-style":"default","ast-global-header-display":"","ast-banner-title-visibility":"","ast-main-header-display":"","ast-hfb-above-header-display":"","ast-hfb-below-header-display":"","ast-hfb-mobile-header-display":"","site-post-title":"","ast-breadcrumbs-content":"","ast-featured-img":"","footer-sml-layout":"","ast-disable-related-posts":"","theme-transparent-header-meta":"","adv-header-id-meta":"","stick-header-meta":"","header-above-stick-meta":"","header-main-stick-meta":"","header-below-stick-meta":"","astra-migrate-meta-layouts":"default","ast-page-background-enabled":"default","ast-page-background-meta":{"desktop":{"background-color":"var(--ast-global-color-5)","background-image":"","background-repeat":"repeat","background-position":"center center","background-size":"auto","background-attachment":"scroll","background-type":"","background-media":"","overlay-type":"","overlay-color":"","overlay-opacity":"","overlay-gradient":""},"tablet":{"background-color":"","background-image":"","background-repeat":"repeat","background-position":"center center","background-size":"auto","background-attachment":"scroll","background-type":"","background-media":"","overlay-type":"","overlay-color":"","overlay-opacity":"","overlay-gradient":""},"mobile":{"background-color":"","background-image":"","background-repeat":"repeat","background-position":"center center","background-size":"auto","background-attachment":"scroll","background-type":"","background-media":"","overlay-type":"","overlay-color":"","overlay-opacity":"","overlay-gradient":""}},"ast-content-background-meta":{"desktop":{"background-color":"var(--ast-global-color-4)","background-image":"","background-repeat":"repeat","background-position":"center center","background-size":"auto","background-attachment":"scroll","background-type":"","background-media":"","overlay-type":"","overlay-color":"","overlay-opacity":"","overlay-gradient":""},"tablet":{"background-color":"var(--ast-global-color-4)","background-image":"","background-repeat":"repeat","background-position":"center center","background-size":"auto","background-attachment":"scroll","background-type":"","background-media":"","overlay-type":"","overlay-color":"","overlay-opacity":"","overlay-gradient":""},"mobile":{"background-color":"var(--ast-global-color-4)","background-image":"","background-repeat":"repeat","background-position":"center center","background-size":"auto","background-attachment":"scroll","background-type":"","background-media":"","overlay-type":"","overlay-color":"","overlay-opacity":"","overlay-gradient":""}},"footnotes":""},"class_list":["post-3","page","type-page","status-publish","hentry"],"_links":{"self":[{"href":"https:\/\/www.fgzdorovie.com\/de\/wp-json\/wp\/v2\/pages\/3","targetHints":{"allow":["GET"]}}],"collection":[{"href":"https:\/\/www.fgzdorovie.com\/de\/wp-json\/wp\/v2\/pages"}],"about":[{"href":"https:\/\/www.fgzdorovie.com\/de\/wp-json\/wp\/v2\/types\/page"}],"author":[{"embeddable":true,"href":"https:\/\/www.fgzdorovie.com\/de\/wp-json\/wp\/v2\/users\/1"}],"replies":[{"embeddable":true,"href":"https:\/\/www.fgzdorovie.com\/de\/wp-json\/wp\/v2\/comments?post=3"}],"version-history":[{"count":8,"href":"https:\/\/www.fgzdorovie.com\/de\/wp-json\/wp\/v2\/pages\/3\/revisions"}],"predecessor-version":[{"id":2148,"href":"https:\/\/www.fgzdorovie.com\/de\/wp-json\/wp\/v2\/pages\/3\/revisions\/2148"}],"wp:attachment":[{"href":"https:\/\/www.fgzdorovie.com\/de\/wp-json\/wp\/v2\/media?parent=3"}],"curies":[{"name":"wp","href":"https:\/\/api.w.org\/{rel}","templated":true}]}}