{"id":1990,"date":"2025-06-25T18:31:41","date_gmt":"2025-06-25T18:31:41","guid":{"rendered":"https:\/\/www.fgzdorovie.com\/politica-de-privacidad\/"},"modified":"2025-07-10T18:24:21","modified_gmt":"2025-07-10T18:24:21","slug":"politica-de-privacidad","status":"publish","type":"page","link":"https:\/\/www.fgzdorovie.com\/es\/politica-de-privacidad\/","title":{"rendered":"Pol\u00edtica de privacidad"},"content":{"rendered":"\t\t<div data-elementor-type=\"wp-page\" data-elementor-id=\"1990\" class=\"elementor elementor-1990 elementor-3\" data-elementor-post-type=\"page\">\n\t\t\t\t<div class=\"elementor-element elementor-element-236e5e2c e-flex e-con-boxed e-con e-parent\" data-id=\"236e5e2c\" data-element_type=\"container\">\n\t\t\t\t\t<div class=\"e-con-inner\">\n\t\t\t\t<div class=\"elementor-element elementor-element-42a76655 elementor-widget elementor-widget-text-editor\" data-id=\"42a76655\" data-element_type=\"widget\" data-widget_type=\"text-editor.default\">\n\t\t\t\t<div class=\"elementor-widget-container\">\n\t\t\t\t\t\t\t\t\t<h2 data-start=\"252\" data-end=\"281\"><strong data-start=\"282\" data-end=\"309\" style=\"font-size: 16px; font-style: inherit; color: var( --e-global-color-astglobalcolor3 ); font-family: var( --e-global-typography-text-font-family ), Sans-serif; text-align: var(--text-align);\">V\u00e1lido para el sitio web:<\/strong><span style=\"font-size: 16px; font-style: inherit; font-weight: inherit; color: rgb(51, 65, 85); font-family: var( --e-global-typography-text-font-family ), Sans-serif; text-align: var(--text-align);\"> <\/span><a class=\"\" href=\"https:\/\/www.fgzdorovie.com\/es\/\" target=\"_new\" rel=\"noopener\" data-start=\"310\" data-end=\"366\" style=\"font-size: 16px; font-style: inherit; font-weight: inherit; font-family: var( --e-global-typography-text-font-family ), Sans-serif; text-align: var(--text-align);\">https:\/\/www.fgzdorovie.com<\/a><br><\/h2>\n<hr data-start=\"368\" data-end=\"371\">\n<h3 data-start=\"373\" data-end=\"402\"><strong data-start=\"377\" data-end=\"400\">Informaci\u00f3n general<\/strong><\/h3>\n<p data-start=\"403\" data-end=\"629\">Esta pol\u00edtica de privacidad te informa sobre lo que ocurre con tus datos personales cuando visitas nuestro sitio web. Los datos personales son todos aquellos con los que se te puede identificar personalmente. <\/p>\n<p data-start=\"631\" data-end=\"790\">Tratamos tus datos personales de forma confidencial y de acuerdo con las normas legales de protecci\u00f3n de datos y esta pol\u00edtica de privacidad conforme al GDPR.<\/p>\n<hr data-start=\"792\" data-end=\"795\">\n<h3 data-start=\"797\" data-end=\"829\"><strong data-start=\"801\" data-end=\"827\">Organismo responsable<\/strong><\/h3>\n<p data-start=\"830\" data-end=\"941\"><strong data-start=\"830\" data-end=\"844\">FGZdorovie<\/strong><br data-start=\"844\" data-end=\"847\">H\u00f6rweg 17<br data-start=\"856\" data-end=\"859\">81248 M\u00fanich<br data-start=\"872\" data-end=\"875\">Alemania<br data-start=\"886\" data-end=\"889\">Correo electr\u00f3nico: <a class=\"cursor-pointer\" rel=\"noopener\" data-start=\"897\" data-end=\"916\">info@fgzdorovie.com<\/a><br data-start=\"916\" data-end=\"919\">Tel\u00e9fono: +49 151 22676767<\/p>\n<hr data-start=\"943\" data-end=\"946\">\n<h3 data-start=\"948\" data-end=\"989\"><strong data-start=\"952\" data-end=\"987\">Datos de acceso (archivos de registro del servidor)<\/strong><\/h3>\n<p data-start=\"990\" data-end=\"1070\">Cuando visitas nuestro sitio web, el servidor recoge datos autom\u00e1ticamente:<\/p>\n<ul data-start=\"1071\" data-end=\"1248\">\n<li data-start=\"1071\" data-end=\"1098\">\n<p data-start=\"1073\" data-end=\"1098\">Tipo y versi\u00f3n de navegador<\/p>\n<\/li>\n<li data-start=\"1099\" data-end=\"1129\">\n<p data-start=\"1101\" data-end=\"1129\">Sistema operativo utilizado<\/p>\n<\/li>\n<li data-start=\"1130\" data-end=\"1146\">\n<p data-start=\"1132\" data-end=\"1146\">URL de referencia<\/p>\n<\/li>\n<li data-start=\"1147\" data-end=\"1185\">\n<p data-start=\"1149\" data-end=\"1185\">Nombre de host del ordenador de acceso<\/p>\n<\/li>\n<li data-start=\"1186\" data-end=\"1215\">\n<p data-start=\"1188\" data-end=\"1215\">Hora de la petici\u00f3n al servidor<\/p>\n<\/li>\n<li data-start=\"1216\" data-end=\"1248\">\n<p data-start=\"1218\" data-end=\"1248\">Direcci\u00f3n IP (anonimizada si es necesario)<\/p>\n<\/li>\n<\/ul>\n<p data-start=\"1250\" data-end=\"1458\">Estos datos se analizan exclusivamente para garantizar un funcionamiento sin problemas y para mejorar nuestro sitio web (Art. 6 p\u00e1rr. 1 lit. f GDPR). No se extraen conclusiones sobre tu persona. <\/p>\n<hr data-start=\"1460\" data-end=\"1463\">\n<h3 data-start=\"1465\" data-end=\"1482\"><strong data-start=\"1469\" data-end=\"1480\">Cookies<\/strong><\/h3>\n<p data-start=\"1483\" data-end=\"1746\">Utilizamos cookies para que nuestro sitio web sea m\u00e1s f\u00e1cil de usar. La base legal es el Art. 6 p\u00e1rr. 1 lit. f GDPR.<br data-start=\"1604\" data-end=\"1607\">Puedes configurar tu navegador para que te informe sobre la instalaci\u00f3n de cookies y permitir o rechazar cookies individuales.   <\/p>\n<hr data-start=\"1748\" data-end=\"1751\">\n<h3 data-start=\"1753\" data-end=\"1795\"><strong data-start=\"1757\" data-end=\"1793\">Formulario de contacto y correo electr\u00f3nico<\/strong><\/h3>\n<p data-start=\"1796\" data-end=\"2056\">Si nos env\u00edas consultas a trav\u00e9s del formulario de contacto o por correo electr\u00f3nico, almacenaremos tus datos con el fin de procesar la consulta y para preguntas de seguimiento.<br data-start=\"1937\" data-end=\"1940\">La base legal es el Art. 6 p\u00e1rrafo 1 lit. a GDPR (consentimiento).  <br data-start=\"2002\" data-end=\"2005\">Puedes revocar este consentimiento en cualquier momento.<\/p>\n<hr data-start=\"2058\" data-end=\"2061\">\n<h3 data-start=\"2063\" data-end=\"2088\"><strong data-start=\"2067\" data-end=\"2088\">Plugins y herramientas<\/strong><\/h3>\n<h4 data-start=\"2090\" data-end=\"2134\"><strong data-start=\"2095\" data-end=\"2132\">1. Facebook (bot\u00f3n Me gusta y Compartir)<\/strong><\/h4>\n<p data-start=\"2135\" data-end=\"2318\">Facebook Inc, 1 Hacker Way, Menlo Park, California 94025, EE.UU.<br data-start=\"2197\" data-end=\"2200\">Pol\u00edtica de privacidad: <a class=\"\" href=\"https:\/\/de-de.facebook.com\/privacy\/explanation\" target=\"_new\" rel=\"noopener\" data-start=\"2222\" data-end=\"2318\">https:\/\/de-de.facebook.com\/privacy\/explanation<\/a><\/p>\n<h4 data-start=\"2320\" data-end=\"2343\"><strong data-start=\"2325\" data-end=\"2341\">2. instagram<\/strong><\/h4>\n<p data-start=\"2344\" data-end=\"2514\">Instagram Inc, 1601 Willow Road, Menlo Park, CA 94025, USA<br data-start=\"2403\" data-end=\"2406\">Pol\u00edtica de privacidad: <a class=\"\" href=\"https:\/\/instagram.com\/about\/legal\/privacy\" target=\"_new\" rel=\"noopener\" data-start=\"2428\" data-end=\"2514\">https:\/\/instagram.com\/about\/legal\/privacy<\/a><\/p>\n<h4 data-start=\"2516\" data-end=\"2541\"><strong data-start=\"2521\" data-end=\"2539\">3. google maps<\/strong><\/h4>\n<p data-start=\"2542\" data-end=\"2800\">Google Ireland Ltd, Gordon House, Barrow Street, Dubl\u00edn 4, Irlanda<br data-start=\"2609\" data-end=\"2612\">Utilizaci\u00f3n s\u00f3lo previo consentimiento activo (Art. 6 p\u00e1rr. 1 lit. a GDPR)<br data-start=\"2679\" data-end=\"2682\">Pol\u00edtica de privacidad: <a class=\"\" href=\"https:\/\/www.google.de\/intl\/de\/policies\/privacy\" target=\"_new\" rel=\"noopener\" data-start=\"2704\" data-end=\"2800\">https:\/\/www.google.de\/intl\/de\/policies\/privacy<\/a><\/p>\n<hr data-start=\"2802\" data-end=\"2805\">\n<h3 data-start=\"2807\" data-end=\"2841\"><strong data-start=\"2811\" data-end=\"2839\">Encriptaci\u00f3n SSL\/TLS<\/strong><\/h3>\n<p data-start=\"2842\" data-end=\"2998\">Este sitio utiliza encriptaci\u00f3n SSL\/TLS para la transmisi\u00f3n segura de datos. Puedes reconocer una conexi\u00f3n encriptada por el \u00abhttps:\/\/\u00bb en la barra de direcciones. <\/p>\n<hr data-start=\"3000\" data-end=\"3003\">\n<h2 data-start=\"3005\" data-end=\"3035\"><strong data-start=\"3008\" data-end=\"3035\">Tus derechos en virtud del GDPR<\/strong><\/h2>\n<h3 data-start=\"3037\" data-end=\"3064\"><strong data-start=\"3041\" data-end=\"3062\">\u00a7 1 Per\u00edodo de almacenamiento<\/strong><\/h3>\n<p data-start=\"3065\" data-end=\"3205\">Los datos personales s\u00f3lo se almacenan durante el tiempo que sea necesario para el fin respectivo o seg\u00fan lo exija la ley.<\/p>\n<h3 data-start=\"3207\" data-end=\"3238\"><strong data-start=\"3211\" data-end=\"3236\">\u00a7 2 Derechos de los interesados<\/strong><\/h3>\n<h4 data-start=\"3239\" data-end=\"3268\">2.1 <strong data-start=\"3248\" data-end=\"3266\">Derecho de cancelaci\u00f3n<\/strong><\/h4>\n<p data-start=\"3269\" data-end=\"3358\">Puedes retirar cualquier consentimiento que ya hayas dado en cualquier momento (Art. 7 (3) GDPR).<\/p>\n<h4 data-start=\"3360\" data-end=\"3405\">2.2 <strong data-start=\"3369\" data-end=\"3403\">Derecho a la informaci\u00f3n (Art. 15 GDPR)<\/strong><\/h4>\n<p data-start=\"3406\" data-end=\"3474\">Puedes solicitar informaci\u00f3n sobre tus datos procesados por nosotros.<\/p>\n<h4 data-start=\"3476\" data-end=\"3529\">2.3 <strong data-start=\"3485\" data-end=\"3527\">Derecho de rectificaci\u00f3n (Art. 16 GDPR)<\/strong><\/h4>\n<p data-start=\"3530\" data-end=\"3577\">Puedes hacer que se corrijan los datos incorrectos.<\/p>\n<h4 data-start=\"3579\" data-end=\"3628\">2.4 <strong data-start=\"3588\" data-end=\"3626\">Derecho de supresi\u00f3n (Art. 17 GDPR)<\/strong><\/h4>\n<p data-start=\"3629\" data-end=\"3736\">Puedes solicitar que eliminemos tus datos si no existen obligaciones legales de conservaci\u00f3n.<\/p>\n<h4 data-start=\"3738\" data-end=\"3809\">2.5 <strong data-start=\"3747\" data-end=\"3807\">Derecho a la restricci\u00f3n del tratamiento (Art. 18 GDPR)<\/strong><\/h4>\n<p data-start=\"3810\" data-end=\"3896\">Puedes restringir el tratamiento de tus datos en determinadas condiciones.<\/p>\n<h4 data-start=\"3898\" data-end=\"3959\">2.6 <strong data-start=\"3907\" data-end=\"3957\">Derecho a la portabilidad de datos (Art. 20 GDPR)<\/strong><\/h4>\n<p data-start=\"3960\" data-end=\"4064\">Puedes solicitar que transfiramos tus datos a ti o a un tercero en un formato de uso com\u00fan.<\/p>\n<h4 data-start=\"4066\" data-end=\"4114\">2.7 <strong data-start=\"4075\" data-end=\"4112\">Derecho de oposici\u00f3n (Art. 21 GDPR)<\/strong><\/h4>\n<p data-start=\"4115\" data-end=\"4194\">Puedes oponerte al tratamiento de datos, especialmente en el caso de la publicidad directa.<\/p>\n<h4 data-start=\"4196\" data-end=\"4272\">2.8 <strong data-start=\"4205\" data-end=\"4270\">Derecho a presentar una reclamaci\u00f3n ante la autoridad supervisora (Art. 77 GDPR)<\/strong><\/h4>\n<p data-start=\"4273\" data-end=\"4540\">Puedes presentar una reclamaci\u00f3n ante una autoridad supervisora de la protecci\u00f3n de datos. El responsable por nuestra parte es <br data-start=\"4361\" data-end=\"4364\"><strong data-start=\"4364\" data-end=\"4413\">Oficina Estatal de Control de Protecci\u00f3n de Datos de Baviera<\/strong><br data-start=\"4413\" data-end=\"4416\">Promenade 18, 91522 Ansbach<br data-start=\"4443\" data-end=\"4446\">Correo electr\u00f3nico: <a class=\"cursor-pointer\" rel=\"noopener\" data-start=\"4454\" data-end=\"4478\">poststelle@lda.bayern.de<\/a><br data-start=\"4478\" data-end=\"4481\">Web: <a class=\"\" href=\"https:\/\/www.lda.bayern.de\/\" target=\"_new\" rel=\"noopener\" data-start=\"4486\" data-end=\"4540\">https:\/\/www.lda.bayern.de<\/a><\/p>\n<hr data-start=\"4542\" data-end=\"4545\">\n<h2 data-start=\"4547\" data-end=\"4592\"><strong data-start=\"4550\" data-end=\"4590\">Cambios en esta pol\u00edtica de privacidad<\/strong><\/h2>\n<p data-start=\"4593\" data-end=\"4770\">Esta pol\u00edtica de privacidad es v\u00e1lida desde el <strong data-start=\"4638\" data-end=\"4654\">8 de julio de 2025<\/strong>.<br data-start=\"4655\" data-end=\"4658\">Nos reservamos el derecho a actualizarla en caso de cambios legales o desarrollos t\u00e9cnicos.<\/p>\n<hr data-start=\"4772\" data-end=\"4775\">\n<p data-start=\"4777\" data-end=\"4820\">2002-2025 DOCUMENTOS LEGALES (Sequiter Inc.)<\/p>\t\t\t\t\t\t\t\t<\/div>\n\t\t\t\t<\/div>\n\t\t\t\t\t<\/div>\n\t\t\t\t<\/div>\n\t\t\t\t<\/div>\n\t\t","protected":false},"excerpt":{"rendered":"<p>V\u00e1lido para el sitio web: https:\/\/www.fgzdorovie.com Informaci\u00f3n general Esta pol\u00edtica de privacidad te informa sobre lo que ocurre con tus [&hellip;]<\/p>\n","protected":false},"author":1,"featured_media":0,"parent":0,"menu_order":0,"comment_status":"closed","ping_status":"open","template":"","meta":{"site-sidebar-layout":"default","site-content-layout":"","ast-site-content-layout":"default","site-content-style":"default","site-sidebar-style":"default","ast-global-header-display":"","ast-banner-title-visibility":"","ast-main-header-display":"","ast-hfb-above-header-display":"","ast-hfb-below-header-display":"","ast-hfb-mobile-header-display":"","site-post-title":"","ast-breadcrumbs-content":"","ast-featured-img":"","footer-sml-layout":"","ast-disable-related-posts":"","theme-transparent-header-meta":"","adv-header-id-meta":"","stick-header-meta":"","header-above-stick-meta":"","header-main-stick-meta":"","header-below-stick-meta":"","astra-migrate-meta-layouts":"default","ast-page-background-enabled":"default","ast-page-background-meta":{"desktop":{"background-color":"var(--ast-global-color-5)","background-image":"","background-repeat":"repeat","background-position":"center center","background-size":"auto","background-attachment":"scroll","background-type":"","background-media":"","overlay-type":"","overlay-color":"","overlay-opacity":"","overlay-gradient":""},"tablet":{"background-color":"","background-image":"","background-repeat":"repeat","background-position":"center center","background-size":"auto","background-attachment":"scroll","background-type":"","background-media":"","overlay-type":"","overlay-color":"","overlay-opacity":"","overlay-gradient":""},"mobile":{"background-color":"","background-image":"","background-repeat":"repeat","background-position":"center center","background-size":"auto","background-attachment":"scroll","background-type":"","background-media":"","overlay-type":"","overlay-color":"","overlay-opacity":"","overlay-gradient":""}},"ast-content-background-meta":{"desktop":{"background-color":"var(--ast-global-color-4)","background-image":"","background-repeat":"repeat","background-position":"center center","background-size":"auto","background-attachment":"scroll","background-type":"","background-media":"","overlay-type":"","overlay-color":"","overlay-opacity":"","overlay-gradient":""},"tablet":{"background-color":"var(--ast-global-color-4)","background-image":"","background-repeat":"repeat","background-position":"center center","background-size":"auto","background-attachment":"scroll","background-type":"","background-media":"","overlay-type":"","overlay-color":"","overlay-opacity":"","overlay-gradient":""},"mobile":{"background-color":"var(--ast-global-color-4)","background-image":"","background-repeat":"repeat","background-position":"center center","background-size":"auto","background-attachment":"scroll","background-type":"","background-media":"","overlay-type":"","overlay-color":"","overlay-opacity":"","overlay-gradient":""}},"footnotes":""},"class_list":["post-1990","page","type-page","status-publish","hentry"],"_links":{"self":[{"href":"https:\/\/www.fgzdorovie.com\/es\/wp-json\/wp\/v2\/pages\/1990","targetHints":{"allow":["GET"]}}],"collection":[{"href":"https:\/\/www.fgzdorovie.com\/es\/wp-json\/wp\/v2\/pages"}],"about":[{"href":"https:\/\/www.fgzdorovie.com\/es\/wp-json\/wp\/v2\/types\/page"}],"author":[{"embeddable":true,"href":"https:\/\/www.fgzdorovie.com\/es\/wp-json\/wp\/v2\/users\/1"}],"replies":[{"embeddable":true,"href":"https:\/\/www.fgzdorovie.com\/es\/wp-json\/wp\/v2\/comments?post=1990"}],"version-history":[{"count":1,"href":"https:\/\/www.fgzdorovie.com\/es\/wp-json\/wp\/v2\/pages\/1990\/revisions"}],"predecessor-version":[{"id":1998,"href":"https:\/\/www.fgzdorovie.com\/es\/wp-json\/wp\/v2\/pages\/1990\/revisions\/1998"}],"wp:attachment":[{"href":"https:\/\/www.fgzdorovie.com\/es\/wp-json\/wp\/v2\/media?parent=1990"}],"curies":[{"name":"wp","href":"https:\/\/api.w.org\/{rel}","templated":true}]}}