{"id":2026,"date":"2025-07-08T17:11:38","date_gmt":"2025-07-08T17:11:38","guid":{"rendered":"https:\/\/www.fgzdorovie.com\/pie-de-imprenta\/"},"modified":"2025-07-09T11:49:28","modified_gmt":"2025-07-09T11:49:28","slug":"pie-de-imprenta","status":"publish","type":"page","link":"https:\/\/www.fgzdorovie.com\/es\/pie-de-imprenta\/","title":{"rendered":"Pie de imprenta"},"content":{"rendered":"\t\t<div data-elementor-type=\"wp-page\" data-elementor-id=\"2026\" class=\"elementor elementor-2026 elementor-1887\" data-elementor-post-type=\"page\">\n\t\t\t\t<div class=\"elementor-element elementor-element-28a5bb2 e-flex e-con-boxed e-con e-parent\" data-id=\"28a5bb2\" data-element_type=\"container\">\n\t\t\t\t\t<div class=\"e-con-inner\">\n\t\t\t\t<div class=\"elementor-element elementor-element-07ecfd3 elementor-widget elementor-widget-heading\" data-id=\"07ecfd3\" data-element_type=\"widget\" data-widget_type=\"heading.default\">\n\t\t\t\t<div class=\"elementor-widget-container\">\n\t\t\t\t\t<h2 class=\"elementor-heading-title elementor-size-default\">Pie de imprenta<\/h2>\t\t\t\t<\/div>\n\t\t\t\t<\/div>\n\t\t\t\t<div class=\"elementor-element elementor-element-69eb719 elementor-widget elementor-widget-text-editor\" data-id=\"69eb719\" data-element_type=\"widget\" data-widget_type=\"text-editor.default\">\n\t\t\t\t<div class=\"elementor-widget-container\">\n\t\t\t\t\t\t\t\t\t<p data-start=\"241\" data-end=\"323\">de conformidad con el art\u00edculo 5 de la Ley de Servicios Digitales (DDG) y el art\u00edculo 18 (2) del Tratado Interestatal de Medios de Comunicaci\u00f3n (MStV)<\/p>\n<p data-start=\"325\" data-end=\"478\"><strong data-start=\"325\" data-end=\"377\">FGZdorovie &#8211; Centro de Innovaci\u00f3n M\u00e9dica<\/strong><br data-start=\"377\" data-end=\"380\">Propietario: Vladimir Filonenko &amp; Mladen Gajic<br data-start=\"434\" data-end=\"437\">H\u00f6rweg 17<br data-start=\"446\" data-end=\"449\">81248 M\u00fanich<br data-start=\"462\" data-end=\"465\">Alemania<\/p>\n<p data-start=\"480\" data-end=\"611\">\u2709\ufe0f Correo electr\u00f3nico: <a class=\"cursor-pointer\" rel=\"noopener\" data-start=\"491\" data-end=\"540\">info@fgzdorovie.com<\/a><br data-start=\"540\" data-end=\"543\">\ud83c\udf10 P\u00e1gina web: <a class=\"\" href=\"https:\/\/www.fgzdorovie.com\/es\/\" target=\"_new\" rel=\"noopener\" data-start=\"555\" data-end=\"611\">https:\/\/www.fgzdorovie.com<\/a><\/p>\n<hr data-start=\"613\" data-end=\"616\">\n<h3 data-start=\"618\" data-end=\"655\">Personas autorizadas para representar a la empresa<\/h3>\n<p data-start=\"656\" data-end=\"689\">Vladimir Filonenko y Mladen Gajic<\/p>\n<hr data-start=\"691\" data-end=\"694\">\n<h3 data-start=\"696\" data-end=\"753\">Responsable del contenido seg\u00fan \u00a7 18 Abs. 2 MStV<\/h3>\n<p data-start=\"754\" data-end=\"815\">Vladimir Filonenko &amp; Mladen Gajic<br data-start=\"787\" data-end=\"790\">H\u00f6rweg 17<br data-start=\"799\" data-end=\"802\">81248 M\u00fanich<\/p>\n<hr data-start=\"817\" data-end=\"820\">\n<h3 data-start=\"822\" data-end=\"857\">Responsabilidad por el contenido (\u00a7 7 DDG)<\/h3>\n<p data-start=\"858\" data-end=\"1022\">Los contenidos de este sitio web han sido creados con el m\u00e1ximo cuidado. Sin embargo, no asumimos ninguna responsabilidad por la exactitud, integridad y actualidad del contenido. <\/p>\n<hr data-start=\"1024\" data-end=\"1027\">\n<h3 data-start=\"1029\" data-end=\"1066\">Responsabilidad por enlaces (\u00a7\u00a7 8-10 DDG)<\/h3>\n<p data-start=\"1067\" data-end=\"1274\">Nuestro sitio web contiene enlaces a sitios web externos de terceros sobre cuyo contenido no tenemos ninguna influencia.<br data-start=\"1170\" data-end=\"1173\">El proveedor u operador respectivo es siempre responsable del contenido de las p\u00e1ginas enlazadas.<\/p>\n<hr data-start=\"1276\" data-end=\"1279\">\n<h3 data-start=\"1281\" data-end=\"1314\">Derechos de autor (\u00a7\u00a7 1, 2 UrhG)<\/h3>\n<p data-start=\"1315\" data-end=\"1626\">Los contenidos y obras de este sitio web creados por los operadores del sitio est\u00e1n sujetos a la legislaci\u00f3n alemana sobre derechos de autor.<br data-start=\"1432\" data-end=\"1435\">La reproducci\u00f3n, edici\u00f3n, distribuci\u00f3n o cualquier tipo de utilizaci\u00f3n fuera de los l\u00edmites de la legislaci\u00f3n sobre derechos de autor requiere el consentimiento por escrito de los respectivos autores o creadores.<\/p>\n<hr data-start=\"1628\" data-end=\"1631\">\n<p data-start=\"1633\" data-end=\"1677\">2025 FGZdorovie &#8211; Todos los derechos reservados.<\/p>\t\t\t\t\t\t\t\t<\/div>\n\t\t\t\t<\/div>\n\t\t\t\t\t<\/div>\n\t\t\t\t<\/div>\n\t\t\t\t<\/div>\n\t\t","protected":false},"excerpt":{"rendered":"<p>Pie de imprenta de conformidad con el art\u00edculo 5 de la Ley de Servicios Digitales (DDG) y el art\u00edculo 18 [&hellip;]<\/p>\n","protected":false},"author":1,"featured_media":0,"parent":0,"menu_order":0,"comment_status":"closed","ping_status":"closed","template":"","meta":{"site-sidebar-layout":"no-sidebar","site-content-layout":"","ast-site-content-layout":"full-width-container","site-content-style":"default","site-sidebar-style":"default","ast-global-header-display":"","ast-banner-title-visibility":"","ast-main-header-display":"","ast-hfb-above-header-display":"","ast-hfb-below-header-display":"","ast-hfb-mobile-header-display":"","site-post-title":"disabled","ast-breadcrumbs-content":"","ast-featured-img":"disabled","footer-sml-layout":"","ast-disable-related-posts":"","theme-transparent-header-meta":"","adv-header-id-meta":"","stick-header-meta":"","header-above-stick-meta":"","header-main-stick-meta":"","header-below-stick-meta":"","astra-migrate-meta-layouts":"default","ast-page-background-enabled":"default","ast-page-background-meta":{"desktop":{"background-color":"var(--ast-global-color-5)","background-image":"","background-repeat":"repeat","background-position":"center center","background-size":"auto","background-attachment":"scroll","background-type":"","background-media":"","overlay-type":"","overlay-color":"","overlay-opacity":"","overlay-gradient":""},"tablet":{"background-color":"","background-image":"","background-repeat":"repeat","background-position":"center center","background-size":"auto","background-attachment":"scroll","background-type":"","background-media":"","overlay-type":"","overlay-color":"","overlay-opacity":"","overlay-gradient":""},"mobile":{"background-color":"","background-image":"","background-repeat":"repeat","background-position":"center center","background-size":"auto","background-attachment":"scroll","background-type":"","background-media":"","overlay-type":"","overlay-color":"","overlay-opacity":"","overlay-gradient":""}},"ast-content-background-meta":{"desktop":{"background-color":"var(--ast-global-color-4)","background-image":"","background-repeat":"repeat","background-position":"center center","background-size":"auto","background-attachment":"scroll","background-type":"","background-media":"","overlay-type":"","overlay-color":"","overlay-opacity":"","overlay-gradient":""},"tablet":{"background-color":"var(--ast-global-color-4)","background-image":"","background-repeat":"repeat","background-position":"center center","background-size":"auto","background-attachment":"scroll","background-type":"","background-media":"","overlay-type":"","overlay-color":"","overlay-opacity":"","overlay-gradient":""},"mobile":{"background-color":"var(--ast-global-color-4)","background-image":"","background-repeat":"repeat","background-position":"center center","background-size":"auto","background-attachment":"scroll","background-type":"","background-media":"","overlay-type":"","overlay-color":"","overlay-opacity":"","overlay-gradient":""}},"footnotes":""},"class_list":["post-2026","page","type-page","status-publish","hentry"],"_links":{"self":[{"href":"https:\/\/www.fgzdorovie.com\/es\/wp-json\/wp\/v2\/pages\/2026","targetHints":{"allow":["GET"]}}],"collection":[{"href":"https:\/\/www.fgzdorovie.com\/es\/wp-json\/wp\/v2\/pages"}],"about":[{"href":"https:\/\/www.fgzdorovie.com\/es\/wp-json\/wp\/v2\/types\/page"}],"author":[{"embeddable":true,"href":"https:\/\/www.fgzdorovie.com\/es\/wp-json\/wp\/v2\/users\/1"}],"replies":[{"embeddable":true,"href":"https:\/\/www.fgzdorovie.com\/es\/wp-json\/wp\/v2\/comments?post=2026"}],"version-history":[{"count":1,"href":"https:\/\/www.fgzdorovie.com\/es\/wp-json\/wp\/v2\/pages\/2026\/revisions"}],"predecessor-version":[{"id":2034,"href":"https:\/\/www.fgzdorovie.com\/es\/wp-json\/wp\/v2\/pages\/2026\/revisions\/2034"}],"wp:attachment":[{"href":"https:\/\/www.fgzdorovie.com\/es\/wp-json\/wp\/v2\/media?parent=2026"}],"curies":[{"name":"wp","href":"https:\/\/api.w.org\/{rel}","templated":true}]}}