{"id":2475,"date":"2025-07-31T07:33:43","date_gmt":"2025-07-31T07:33:43","guid":{"rendered":"https:\/\/www.fgzdorovie.com\/blog-2\/"},"modified":"2025-07-31T08:15:08","modified_gmt":"2025-07-31T08:15:08","slug":"blog-2","status":"publish","type":"page","link":"https:\/\/www.fgzdorovie.com\/es\/blog-2\/","title":{"rendered":"Blog"},"content":{"rendered":"\t\t<div data-elementor-type=\"wp-page\" data-elementor-id=\"2475\" class=\"elementor elementor-2475 elementor-2423\" data-elementor-post-type=\"page\">\n\t\t\t\t<div class=\"elementor-element elementor-element-def35bc e-flex e-con-boxed e-con e-parent\" data-id=\"def35bc\" data-element_type=\"container\">\n\t\t\t\t\t<div class=\"e-con-inner\">\n\t\t\t\t<div class=\"elementor-element elementor-element-951e347 elementor-grid-3 elementor-grid-tablet-2 elementor-grid-mobile-1 elementor-posts--thumbnail-top elementor-posts--show-avatar elementor-card-shadow-yes elementor-posts__hover-gradient elementor-widget elementor-widget-posts\" data-id=\"951e347\" data-element_type=\"widget\" data-settings=\"{&quot;cards_columns&quot;:&quot;3&quot;,&quot;cards_columns_tablet&quot;:&quot;2&quot;,&quot;cards_columns_mobile&quot;:&quot;1&quot;,&quot;cards_row_gap&quot;:{&quot;unit&quot;:&quot;px&quot;,&quot;size&quot;:35,&quot;sizes&quot;:[]},&quot;cards_row_gap_tablet&quot;:{&quot;unit&quot;:&quot;px&quot;,&quot;size&quot;:&quot;&quot;,&quot;sizes&quot;:[]},&quot;cards_row_gap_mobile&quot;:{&quot;unit&quot;:&quot;px&quot;,&quot;size&quot;:&quot;&quot;,&quot;sizes&quot;:[]}}\" data-widget_type=\"posts.cards\">\n\t\t\t\t<div class=\"elementor-widget-container\">\n\t\t\t\t\t\t\t<div class=\"elementor-posts-container elementor-posts elementor-posts--skin-cards elementor-grid\" role=\"list\">\n\t\t\t\t<article class=\"elementor-post elementor-grid-item post-2788 post type-post status-publish format-standard has-post-thumbnail hentry category-medicina-deportiva category-optimizacion-del-rendimiento category-recuperacion-del-deportista category-salud\" role=\"listitem\">\n\t\t\t<div class=\"elementor-post__card\">\n\t\t\t\t<a class=\"elementor-post__thumbnail__link\" href=\"https:\/\/www.fgzdorovie.com\/es\/de-la-recuperacion-al-ring-la-via-rapida-para-volver-a-los-pesos-pesados\/\" tabindex=\"-1\" ><div class=\"elementor-post__thumbnail\"><img fetchpriority=\"high\" decoding=\"async\" width=\"300\" height=\"199\" src=\"https:\/\/www.fgzdorovie.com\/wp-content\/uploads\/2025\/08\/Bildschirmfoto-2025-08-12-um-17.16.57-300x199.png\" class=\"attachment-medium size-medium wp-image-2778\" alt=\"\" srcset=\"https:\/\/www.fgzdorovie.com\/wp-content\/uploads\/2025\/08\/Bildschirmfoto-2025-08-12-um-17.16.57-300x199.png 300w, https:\/\/www.fgzdorovie.com\/wp-content\/uploads\/2025\/08\/Bildschirmfoto-2025-08-12-um-17.16.57-1024x681.png 1024w, https:\/\/www.fgzdorovie.com\/wp-content\/uploads\/2025\/08\/Bildschirmfoto-2025-08-12-um-17.16.57-768x511.png 768w, https:\/\/www.fgzdorovie.com\/wp-content\/uploads\/2025\/08\/Bildschirmfoto-2025-08-12-um-17.16.57.png 1068w\" sizes=\"(max-width: 300px) 100vw, 300px\" title=\"\"><\/div><\/a>\n\t\t\t\t<div class=\"elementor-post__badge\">Medicina deportiva<\/div>\n\t\t\t\t<div class=\"elementor-post__avatar\">\n\t\t\t<img decoding=\"async\" alt=\"info@fgzdorovie.com\" src=\"https:\/\/secure.gravatar.com\/avatar\/180ba6b450edc7475383d55b21c776d00d0e4d094cd8bd9918a2b1dcee9f522a?s=128&#038;d=mm&#038;r=g\" srcset=\"https:\/\/secure.gravatar.com\/avatar\/180ba6b450edc7475383d55b21c776d00d0e4d094cd8bd9918a2b1dcee9f522a?s=256&#038;d=mm&#038;r=g 2x\" class=\"avatar avatar-128 photo\" height=\"128\" width=\"128\" title=\"\">\t\t<\/div>\n\t\t\t\t<div class=\"elementor-post__text\">\n\t\t\t\t<h3 class=\"elementor-post__title\">\n\t\t\t<a href=\"https:\/\/www.fgzdorovie.com\/es\/de-la-recuperacion-al-ring-la-via-rapida-para-volver-a-los-pesos-pesados\/\" >\n\t\t\t\tDe la recuperaci\u00f3n al ring: la v\u00eda r\u00e1pida para volver a los pesos pesados\t\t\t<\/a>\n\t\t<\/h3>\n\t\t\t\t<div class=\"elementor-post__excerpt\">\n\t\t\t<p>Del quir\u00f3fano de M\u00fanich de vuelta al campeonato: recuperaci\u00f3n r\u00e9cord gracias a una medicina deportiva de primera clase A veces<\/p>\n\t\t<\/div>\n\t\t\n\t\t<a class=\"elementor-post__read-more\" href=\"https:\/\/www.fgzdorovie.com\/es\/de-la-recuperacion-al-ring-la-via-rapida-para-volver-a-los-pesos-pesados\/\" aria-label=\"M\u00e1s informaci\u00f3n sobre De la recuperaci\u00f3n al ring: la v\u00eda r\u00e1pida para volver a los pesos pesados\" tabindex=\"-1\" >\n\t\t\tSigue leyendo \"\t\t<\/a>\n\n\t\t\t\t<\/div>\n\t\t\t\t<div class=\"elementor-post__meta-data\">\n\t\t\t\t\t<span class=\"elementor-post-date\">\n\t\t\tagosto 12, 2025\t\t<\/span>\n\t\t\t\t<span class=\"elementor-post-avatar\">\n\t\t\tNo hay comentarios\t\t<\/span>\n\t\t\t\t<\/div>\n\t\t\t\t\t<\/div>\n\t\t<\/article>\n\t\t\t\t<article class=\"elementor-post elementor-grid-item post-2671 post type-post status-publish format-standard has-post-thumbnail hentry category-salud category-antienvejecimiento-y-vitalidad category-terapia-celular\" role=\"listitem\">\n\t\t\t<div class=\"elementor-post__card\">\n\t\t\t\t<a class=\"elementor-post__thumbnail__link\" href=\"https:\/\/www.fgzdorovie.com\/es\/92-anos-llena-de-energia-gracias-a-la-terapia-celular\/\" tabindex=\"-1\" ><div class=\"elementor-post__thumbnail\"><img decoding=\"async\" width=\"300\" height=\"209\" src=\"https:\/\/www.fgzdorovie.com\/wp-content\/uploads\/2025\/08\/Bildschirmfoto-2025-08-08-um-13.16.05-300x209.png\" class=\"attachment-medium size-medium wp-image-2658\" alt=\"\" srcset=\"https:\/\/www.fgzdorovie.com\/wp-content\/uploads\/2025\/08\/Bildschirmfoto-2025-08-08-um-13.16.05-300x209.png 300w, https:\/\/www.fgzdorovie.com\/wp-content\/uploads\/2025\/08\/Bildschirmfoto-2025-08-08-um-13.16.05-1024x715.png 1024w, https:\/\/www.fgzdorovie.com\/wp-content\/uploads\/2025\/08\/Bildschirmfoto-2025-08-08-um-13.16.05-768x536.png 768w, https:\/\/www.fgzdorovie.com\/wp-content\/uploads\/2025\/08\/Bildschirmfoto-2025-08-08-um-13.16.05.png 1066w\" sizes=\"(max-width: 300px) 100vw, 300px\" title=\"\"><\/div><\/a>\n\t\t\t\t<div class=\"elementor-post__badge\">Salud<\/div>\n\t\t\t\t<div class=\"elementor-post__avatar\">\n\t\t\t<img decoding=\"async\" alt=\"info@fgzdorovie.com\" src=\"https:\/\/secure.gravatar.com\/avatar\/180ba6b450edc7475383d55b21c776d00d0e4d094cd8bd9918a2b1dcee9f522a?s=128&#038;d=mm&#038;r=g\" srcset=\"https:\/\/secure.gravatar.com\/avatar\/180ba6b450edc7475383d55b21c776d00d0e4d094cd8bd9918a2b1dcee9f522a?s=256&#038;d=mm&#038;r=g 2x\" class=\"avatar avatar-128 photo\" height=\"128\" width=\"128\" title=\"\">\t\t<\/div>\n\t\t\t\t<div class=\"elementor-post__text\">\n\t\t\t\t<h3 class=\"elementor-post__title\">\n\t\t\t<a href=\"https:\/\/www.fgzdorovie.com\/es\/92-anos-llena-de-energia-gracias-a-la-terapia-celular\/\" >\n\t\t\t\t92 a\u00f1os &#8211; Llena de energ\u00eda gracias a la terapia celular\t\t\t<\/a>\n\t\t<\/h3>\n\t\t\t\t<div class=\"elementor-post__excerpt\">\n\t\t\t<p>Un notable anciano de 92 a\u00f1os comparte su experiencia con la terapia celular Esta semana hemos tenido el placer de<\/p>\n\t\t<\/div>\n\t\t\n\t\t<a class=\"elementor-post__read-more\" href=\"https:\/\/www.fgzdorovie.com\/es\/92-anos-llena-de-energia-gracias-a-la-terapia-celular\/\" aria-label=\"M\u00e1s informaci\u00f3n sobre 92 a\u00f1os &#8211; Llena de energ\u00eda gracias a la terapia celular\" tabindex=\"-1\" >\n\t\t\tSigue leyendo \"\t\t<\/a>\n\n\t\t\t\t<\/div>\n\t\t\t\t<div class=\"elementor-post__meta-data\">\n\t\t\t\t\t<span class=\"elementor-post-date\">\n\t\t\tagosto 8, 2025\t\t<\/span>\n\t\t\t\t<span class=\"elementor-post-avatar\">\n\t\t\tNo hay comentarios\t\t<\/span>\n\t\t\t\t<\/div>\n\t\t\t\t\t<\/div>\n\t\t<\/article>\n\t\t\t\t<article class=\"elementor-post elementor-grid-item post-2260 post type-post status-publish format-standard has-post-thumbnail hentry category-antienvejecimiento-y-vitalidad category-salud category-terapia-celular\" role=\"listitem\">\n\t\t\t<div class=\"elementor-post__card\">\n\t\t\t\t<a class=\"elementor-post__thumbnail__link\" href=\"https:\/\/www.fgzdorovie.com\/es\/terapia-celular-salud-vitalidad-jovenes\/\" tabindex=\"-1\" ><div class=\"elementor-post__thumbnail\"><img loading=\"lazy\" decoding=\"async\" width=\"300\" height=\"200\" src=\"https:\/\/www.fgzdorovie.com\/wp-content\/uploads\/2025\/07\/ChatGPT-Image-30.-Juli-2025-15_20_11-300x200.png\" class=\"attachment-medium size-medium wp-image-2239\" alt=\"\" srcset=\"https:\/\/www.fgzdorovie.com\/wp-content\/uploads\/2025\/07\/ChatGPT-Image-30.-Juli-2025-15_20_11-300x200.png 300w, https:\/\/www.fgzdorovie.com\/wp-content\/uploads\/2025\/07\/ChatGPT-Image-30.-Juli-2025-15_20_11-1024x683.png 1024w, https:\/\/www.fgzdorovie.com\/wp-content\/uploads\/2025\/07\/ChatGPT-Image-30.-Juli-2025-15_20_11-768x512.png 768w, https:\/\/www.fgzdorovie.com\/wp-content\/uploads\/2025\/07\/ChatGPT-Image-30.-Juli-2025-15_20_11.png 1536w\" sizes=\"(max-width: 300px) 100vw, 300px\" title=\"\"><\/div><\/a>\n\t\t\t\t<div class=\"elementor-post__badge\">Antienvejecimiento y Vitalidad<\/div>\n\t\t\t\t<div class=\"elementor-post__avatar\">\n\t\t\t<img decoding=\"async\" alt=\"info@fgzdorovie.com\" src=\"https:\/\/secure.gravatar.com\/avatar\/180ba6b450edc7475383d55b21c776d00d0e4d094cd8bd9918a2b1dcee9f522a?s=128&#038;d=mm&#038;r=g\" srcset=\"https:\/\/secure.gravatar.com\/avatar\/180ba6b450edc7475383d55b21c776d00d0e4d094cd8bd9918a2b1dcee9f522a?s=256&#038;d=mm&#038;r=g 2x\" class=\"avatar avatar-128 photo\" height=\"128\" width=\"128\" title=\"\">\t\t<\/div>\n\t\t\t\t<div class=\"elementor-post__text\">\n\t\t\t\t<h3 class=\"elementor-post__title\">\n\t\t\t<a href=\"https:\/\/www.fgzdorovie.com\/es\/terapia-celular-salud-vitalidad-jovenes\/\" >\n\t\t\t\tTerapia celular-Salud-Vitalidad-J\u00f3venes\t\t\t<\/a>\n\t\t<\/h3>\n\t\t\t\t<div class=\"elementor-post__excerpt\">\n\t\t\t<p>Terapia celular: tu contribuci\u00f3n a la salud, la vitalidad y la juventud El poder de la regeneraci\u00f3n a nivel celularEn<\/p>\n\t\t<\/div>\n\t\t\n\t\t<a class=\"elementor-post__read-more\" href=\"https:\/\/www.fgzdorovie.com\/es\/terapia-celular-salud-vitalidad-jovenes\/\" aria-label=\"M\u00e1s informaci\u00f3n sobre Terapia celular-Salud-Vitalidad-J\u00f3venes\" tabindex=\"-1\" >\n\t\t\tSigue leyendo \"\t\t<\/a>\n\n\t\t\t\t<\/div>\n\t\t\t\t<div class=\"elementor-post__meta-data\">\n\t\t\t\t\t<span class=\"elementor-post-date\">\n\t\t\tjulio 30, 2025\t\t<\/span>\n\t\t\t\t<span class=\"elementor-post-avatar\">\n\t\t\tNo hay comentarios\t\t<\/span>\n\t\t\t\t<\/div>\n\t\t\t\t\t<\/div>\n\t\t<\/article>\n\t\t\t\t<\/div>\n\t\t\n\t\t\t\t\t\t<\/div>\n\t\t\t\t<\/div>\n\t\t\t\t\t<\/div>\n\t\t\t\t<\/div>\n\t\t\t\t<\/div>\n\t\t","protected":false},"excerpt":{"rendered":"","protected":false},"author":1,"featured_media":0,"parent":0,"menu_order":0,"comment_status":"closed","ping_status":"closed","template":"","meta":{"site-sidebar-layout":"no-sidebar","site-content-layout":"","ast-site-content-layout":"full-width-container","site-content-style":"default","site-sidebar-style":"default","ast-global-header-display":"","ast-banner-title-visibility":"","ast-main-header-display":"","ast-hfb-above-header-display":"","ast-hfb-below-header-display":"","ast-hfb-mobile-header-display":"","site-post-title":"disabled","ast-breadcrumbs-content":"","ast-featured-img":"disabled","footer-sml-layout":"","ast-disable-related-posts":"","theme-transparent-header-meta":"","adv-header-id-meta":"","stick-header-meta":"","header-above-stick-meta":"","header-main-stick-meta":"","header-below-stick-meta":"","astra-migrate-meta-layouts":"default","ast-page-background-enabled":"default","ast-page-background-meta":{"desktop":{"background-color":"var(--ast-global-color-5)","background-image":"","background-repeat":"repeat","background-position":"center center","background-size":"auto","background-attachment":"scroll","background-type":"","background-media":"","overlay-type":"","overlay-color":"","overlay-opacity":"","overlay-gradient":""},"tablet":{"background-color":"","background-image":"","background-repeat":"repeat","background-position":"center center","background-size":"auto","background-attachment":"scroll","background-type":"","background-media":"","overlay-type":"","overlay-color":"","overlay-opacity":"","overlay-gradient":""},"mobile":{"background-color":"","background-image":"","background-repeat":"repeat","background-position":"center center","background-size":"auto","background-attachment":"scroll","background-type":"","background-media":"","overlay-type":"","overlay-color":"","overlay-opacity":"","overlay-gradient":""}},"ast-content-background-meta":{"desktop":{"background-color":"var(--ast-global-color-4)","background-image":"","background-repeat":"repeat","background-position":"center center","background-size":"auto","background-attachment":"scroll","background-type":"","background-media":"","overlay-type":"","overlay-color":"","overlay-opacity":"","overlay-gradient":""},"tablet":{"background-color":"var(--ast-global-color-4)","background-image":"","background-repeat":"repeat","background-position":"center center","background-size":"auto","background-attachment":"scroll","background-type":"","background-media":"","overlay-type":"","overlay-color":"","overlay-opacity":"","overlay-gradient":""},"mobile":{"background-color":"var(--ast-global-color-4)","background-image":"","background-repeat":"repeat","background-position":"center center","background-size":"auto","background-attachment":"scroll","background-type":"","background-media":"","overlay-type":"","overlay-color":"","overlay-opacity":"","overlay-gradient":""}},"footnotes":""},"class_list":["post-2475","page","type-page","status-publish","hentry"],"_links":{"self":[{"href":"https:\/\/www.fgzdorovie.com\/es\/wp-json\/wp\/v2\/pages\/2475","targetHints":{"allow":["GET"]}}],"collection":[{"href":"https:\/\/www.fgzdorovie.com\/es\/wp-json\/wp\/v2\/pages"}],"about":[{"href":"https:\/\/www.fgzdorovie.com\/es\/wp-json\/wp\/v2\/types\/page"}],"author":[{"embeddable":true,"href":"https:\/\/www.fgzdorovie.com\/es\/wp-json\/wp\/v2\/users\/1"}],"replies":[{"embeddable":true,"href":"https:\/\/www.fgzdorovie.com\/es\/wp-json\/wp\/v2\/comments?post=2475"}],"version-history":[{"count":1,"href":"https:\/\/www.fgzdorovie.com\/es\/wp-json\/wp\/v2\/pages\/2475\/revisions"}],"predecessor-version":[{"id":2483,"href":"https:\/\/www.fgzdorovie.com\/es\/wp-json\/wp\/v2\/pages\/2475\/revisions\/2483"}],"wp:attachment":[{"href":"https:\/\/www.fgzdorovie.com\/es\/wp-json\/wp\/v2\/media?parent=2475"}],"curies":[{"name":"wp","href":"https:\/\/api.w.org\/{rel}","templated":true}]}}