{"id":1954,"date":"2025-06-25T18:31:41","date_gmt":"2025-06-25T18:31:41","guid":{"rendered":"https:\/\/www.fgzdorovie.com\/declaration-de-confidentialite\/"},"modified":"2025-07-10T17:54:17","modified_gmt":"2025-07-10T17:54:17","slug":"declaration-de-confidentialite","status":"publish","type":"page","link":"https:\/\/www.fgzdorovie.com\/fr\/declaration-de-confidentialite\/","title":{"rendered":"D\u00e9claration de confidentialit\u00e9"},"content":{"rendered":"\t\t<div data-elementor-type=\"wp-page\" data-elementor-id=\"1954\" class=\"elementor elementor-1954 elementor-3\" data-elementor-post-type=\"page\">\n\t\t\t\t<div class=\"elementor-element elementor-element-236e5e2c e-flex e-con-boxed e-con e-parent\" data-id=\"236e5e2c\" data-element_type=\"container\">\n\t\t\t\t\t<div class=\"e-con-inner\">\n\t\t\t\t<div class=\"elementor-element elementor-element-42a76655 elementor-widget elementor-widget-text-editor\" data-id=\"42a76655\" data-element_type=\"widget\" data-widget_type=\"text-editor.default\">\n\t\t\t\t<div class=\"elementor-widget-container\">\n\t\t\t\t\t\t\t\t\t<h2 data-start=\"252\" data-end=\"281\"><strong data-start=\"282\" data-end=\"309\" style=\"font-size: 16px; font-style: inherit; color: var( --e-global-color-astglobalcolor3 ); font-family: var( --e-global-typography-text-font-family ), Sans-serif; text-align: var(--text-align);\">Valable pour le site web :<\/strong><span style=\"font-size: 16px; font-style: inherit; font-weight: inherit; color: rgb(51, 65, 85); font-family: var( --e-global-typography-text-font-family ), Sans-serif; text-align: var(--text-align);\"> <\/span><a class=\"\" href=\"https:\/\/www.fgzdorovie.com\/fr\/\" target=\"_new\" rel=\"noopener\" data-start=\"310\" data-end=\"366\" style=\"font-size: 16px; font-style: inherit; font-weight: inherit; font-family: var( --e-global-typography-text-font-family ), Sans-serif; text-align: var(--text-align);\">https:\/\/www.fgzdorovie.com<\/a><br><\/h2>\n<hr data-start=\"368\" data-end=\"371\">\n<h3 data-start=\"373\" data-end=\"402\"><strong data-start=\"377\" data-end=\"400\">Remarques g\u00e9n\u00e9rales<\/strong><\/h3>\n<p data-start=\"403\" data-end=\"629\">Cette d\u00e9claration de confidentialit\u00e9 vous informe de ce qu&rsquo;il advient de vos donn\u00e9es personnelles lorsque vous visitez notre site web. Les donn\u00e9es personnelles sont toutes les donn\u00e9es qui permettent de vous identifier personnellement. <\/p>\n<p data-start=\"631\" data-end=\"790\">Nous traitons vos donn\u00e9es personnelles de mani\u00e8re confidentielle et conform\u00e9ment aux dispositions l\u00e9gales en mati\u00e8re de protection des donn\u00e9es et \u00e0 la pr\u00e9sente d\u00e9claration de protection des donn\u00e9es conform\u00e9ment au RGPD.<\/p>\n<hr data-start=\"792\" data-end=\"795\">\n<h3 data-start=\"797\" data-end=\"829\"><strong data-start=\"801\" data-end=\"827\">Entit\u00e9 responsable<\/strong><\/h3>\n<p data-start=\"830\" data-end=\"941\"><strong data-start=\"830\" data-end=\"844\">FGZdorovie<\/strong><br data-start=\"844\" data-end=\"847\">H\u00f6rweg 17<br data-start=\"856\" data-end=\"859\">81248 Munich<br data-start=\"872\" data-end=\"875\">Allemagne<br data-start=\"886\" data-end=\"889\">E-mail : <a class=\"cursor-pointer\" rel=\"noopener\" data-start=\"897\" data-end=\"916\">info@fgzdorovie.com<\/a><br data-start=\"916\" data-end=\"919\">T\u00e9l : +49 151 22676767<\/p>\n<hr data-start=\"943\" data-end=\"946\">\n<h3 data-start=\"948\" data-end=\"989\"><strong data-start=\"952\" data-end=\"987\">Donn\u00e9es d&rsquo;acc\u00e8s (fichiers journaux du serveur)<\/strong><\/h3>\n<p data-start=\"990\" data-end=\"1070\">Lorsque vous visitez notre site web, des donn\u00e9es sont automatiquement collect\u00e9es par le serveur :<\/p>\n<ul data-start=\"1071\" data-end=\"1248\">\n<li data-start=\"1071\" data-end=\"1098\">\n<p data-start=\"1073\" data-end=\"1098\">Type et version du navigateur<\/p>\n<\/li>\n<li data-start=\"1099\" data-end=\"1129\">\n<p data-start=\"1101\" data-end=\"1129\">le syst\u00e8me d&rsquo;exploitation utilis\u00e9<\/p>\n<\/li>\n<li data-start=\"1130\" data-end=\"1146\">\n<p data-start=\"1132\" data-end=\"1146\">URL de r\u00e9f\u00e9rence<\/p>\n<\/li>\n<li data-start=\"1147\" data-end=\"1185\">\n<p data-start=\"1149\" data-end=\"1185\">Nom d&rsquo;h\u00f4te de l&rsquo;ordinateur qui acc\u00e8de au site<\/p>\n<\/li>\n<li data-start=\"1186\" data-end=\"1215\">\n<p data-start=\"1188\" data-end=\"1215\">Heure de la demande du serveur<\/p>\n<\/li>\n<li data-start=\"1216\" data-end=\"1248\">\n<p data-start=\"1218\" data-end=\"1248\">Adresse IP (anonymis\u00e9e le cas \u00e9ch\u00e9ant)<\/p>\n<\/li>\n<\/ul>\n<p data-start=\"1250\" data-end=\"1458\">Ces donn\u00e9es sont exclusivement exploit\u00e9es pour assurer un fonctionnement sans faille et pour am\u00e9liorer notre site web (article 6, paragraphe 1, point f) du RGPD). Il n&rsquo;est pas possible d&rsquo;en d\u00e9duire votre identit\u00e9. <\/p>\n<hr data-start=\"1460\" data-end=\"1463\">\n<h3 data-start=\"1465\" data-end=\"1482\"><strong data-start=\"1469\" data-end=\"1480\">Cookies<\/strong><\/h3>\n<p data-start=\"1483\" data-end=\"1746\">Nous utilisons des cookies pour rendre notre site web plus convivial. La base juridique est l&rsquo;article 6, paragraphe 1, point f du RGPD.<br data-start=\"1604\" data-end=\"1607\">Vous pouvez configurer votre navigateur de mani\u00e8re \u00e0 \u00eatre inform\u00e9 de l&rsquo;installation de cookies et \u00e0 autoriser ou refuser certains cookies.   <\/p>\n<hr data-start=\"1748\" data-end=\"1751\">\n<h3 data-start=\"1753\" data-end=\"1795\"><strong data-start=\"1757\" data-end=\"1793\">Formulaire de contact &amp; contact par e-mail<\/strong><\/h3>\n<p data-start=\"1796\" data-end=\"2056\">Si vous nous envoyez des demandes par formulaire de contact ou par e-mail, nous enregistrons vos donn\u00e9es pour traiter la demande et pour les questions de suivi.<br data-start=\"1937\" data-end=\"1940\">La base juridique est l&rsquo;article 6, paragraphe 1, point a du RGPD (consentement).  <br data-start=\"2002\" data-end=\"2005\">Vous pouvez r\u00e9voquer ce consentement \u00e0 tout moment.<\/p>\n<hr data-start=\"2058\" data-end=\"2061\">\n<h3 data-start=\"2063\" data-end=\"2088\"><strong data-start=\"2067\" data-end=\"2088\">Plugins et outils<\/strong><\/h3>\n<h4 data-start=\"2090\" data-end=\"2134\"><strong data-start=\"2095\" data-end=\"2132\">1. Facebook (bouton Like &amp; Share)<\/strong><\/h4>\n<p data-start=\"2135\" data-end=\"2318\">Facebook Inc., 1 Hacker Way, Menlo Park, California 94025, \u00c9tats-Unis<br data-start=\"2197\" data-end=\"2200\">D\u00e9claration de confidentialit\u00e9 <a class=\"\" href=\"https:\/\/de-de.facebook.com\/privacy\/explanation\" target=\"_new\" rel=\"noopener\" data-start=\"2222\" data-end=\"2318\">: https:\/\/de-de.facebook.com\/privacy\/explanation<\/a><\/p>\n<h4 data-start=\"2320\" data-end=\"2343\"><strong data-start=\"2325\" data-end=\"2341\">2. Instagram<\/strong><\/h4>\n<p data-start=\"2344\" data-end=\"2514\">Instagram Inc., 1601 Willow Road, Menlo Park, CA 94025, \u00c9tats-Unis<br data-start=\"2403\" data-end=\"2406\">D\u00e9claration de confidentialit\u00e9 <a class=\"\" href=\"https:\/\/instagram.com\/about\/legal\/privacy\" target=\"_new\" rel=\"noopener\" data-start=\"2428\" data-end=\"2514\">: https:\/\/instagram.com\/about\/legal\/privacy<\/a><\/p>\n<h4 data-start=\"2516\" data-end=\"2541\"><strong data-start=\"2521\" data-end=\"2539\">3. Google Maps<\/strong><\/h4>\n<p data-start=\"2542\" data-end=\"2800\">Google Ireland Ltd, Gordon House, Barrow Street, Dublin 4, Ireland<br data-start=\"2609\" data-end=\"2612\">Utilisation uniquement apr\u00e8s consentement actif (article 6, paragraphe 1, point a du RGPD)<br data-start=\"2679\" data-end=\"2682\">D\u00e9claration de confidentialit\u00e9 <a class=\"\" href=\"https:\/\/www.google.de\/intl\/de\/policies\/privacy\" target=\"_new\" rel=\"noopener\" data-start=\"2704\" data-end=\"2800\">: https:\/\/www.google.de\/intl\/de\/policies\/privacy<\/a><\/p>\n<hr data-start=\"2802\" data-end=\"2805\">\n<h3 data-start=\"2807\" data-end=\"2841\"><strong data-start=\"2811\" data-end=\"2839\">Chiffrement SSL\/TLS<\/strong><\/h3>\n<p data-start=\"2842\" data-end=\"2998\">Ce site utilise le cryptage SSL\/TLS pour la transmission s\u00e9curis\u00e9e des donn\u00e9es. Vous pouvez reconna\u00eetre une connexion crypt\u00e9e au \u00ab\u00a0https:\/\/\u00a0\u00bb dans la barre d&rsquo;adresse. <\/p>\n<hr data-start=\"3000\" data-end=\"3003\">\n<h2 data-start=\"3005\" data-end=\"3035\"><strong data-start=\"3008\" data-end=\"3035\">Vos droits en vertu du RGPD<\/strong><\/h2>\n<h3 data-start=\"3037\" data-end=\"3064\"><strong data-start=\"3041\" data-end=\"3062\">\u00a7 1 Dur\u00e9e de conservation<\/strong><\/h3>\n<p data-start=\"3065\" data-end=\"3205\">Les donn\u00e9es \u00e0 caract\u00e8re personnel ne sont conserv\u00e9es que pendant la dur\u00e9e n\u00e9cessaire \u00e0 la r\u00e9alisation de l&rsquo;objectif concern\u00e9 ou conform\u00e9ment \u00e0 la loi.<\/p>\n<h3 data-start=\"3207\" data-end=\"3238\"><strong data-start=\"3211\" data-end=\"3236\">\u00a7 2 Droits des personnes concern\u00e9es<\/strong><\/h3>\n<h4 data-start=\"3239\" data-end=\"3268\">2.1 <strong data-start=\"3248\" data-end=\"3266\">Droit de r\u00e9tractation<\/strong><\/h4>\n<p data-start=\"3269\" data-end=\"3358\">Vous pouvez r\u00e9voquer \u00e0 tout moment le consentement que vous avez d\u00e9j\u00e0 donn\u00e9 (article 7, paragraphe 3, du RGPD).<\/p>\n<h4 data-start=\"3360\" data-end=\"3405\">2.2 <strong data-start=\"3369\" data-end=\"3403\">Droit d&rsquo;acc\u00e8s (article 15 du RGPD)<\/strong><\/h4>\n<p data-start=\"3406\" data-end=\"3474\">Vous pouvez demander des informations sur les donn\u00e9es que nous traitons.<\/p>\n<h4 data-start=\"3476\" data-end=\"3529\">2.3 <strong data-start=\"3485\" data-end=\"3527\">Droit de rectification (article 16 du RGPD)<\/strong><\/h4>\n<p data-start=\"3530\" data-end=\"3577\">Vous pouvez faire corriger les donn\u00e9es inexactes.<\/p>\n<h4 data-start=\"3579\" data-end=\"3628\">2.4 <strong data-start=\"3588\" data-end=\"3626\">Droit \u00e0 l&rsquo;effacement (article 17 du RGPD)<\/strong><\/h4>\n<p data-start=\"3629\" data-end=\"3736\">Vous pouvez nous demander de supprimer vos donn\u00e9es si aucune obligation l\u00e9gale de conservation ne s&rsquo;applique.<\/p>\n<h4 data-start=\"3738\" data-end=\"3809\">2.5 <strong data-start=\"3747\" data-end=\"3807\">Droit \u00e0 la limitation du traitement (article 18 du RGPD)<\/strong><\/h4>\n<p data-start=\"3810\" data-end=\"3896\">Vous pouvez limiter le traitement de vos donn\u00e9es sous certaines conditions.<\/p>\n<h4 data-start=\"3898\" data-end=\"3959\">2.6 <strong data-start=\"3907\" data-end=\"3957\">Droit \u00e0 la portabilit\u00e9 des donn\u00e9es (article 20 du RGPD)<\/strong><\/h4>\n<p data-start=\"3960\" data-end=\"4064\">Vous pouvez nous demander de vous transmettre vos donn\u00e9es ou de les transmettre \u00e0 un tiers dans un format courant.<\/p>\n<h4 data-start=\"4066\" data-end=\"4114\">2.7 <strong data-start=\"4075\" data-end=\"4112\">Droit d&rsquo;opposition (article 21 du RGPD)<\/strong><\/h4>\n<p data-start=\"4115\" data-end=\"4194\">Vous pouvez vous opposer au traitement des donn\u00e9es, notamment en cas de publicit\u00e9 directe.<\/p>\n<h4 data-start=\"4196\" data-end=\"4272\">2.8 <strong data-start=\"4205\" data-end=\"4270\">Droit de recours aupr\u00e8s de l&rsquo;autorit\u00e9 de contr\u00f4le (article 77 du RGPD)<\/strong><\/h4>\n<p data-start=\"4273\" data-end=\"4540\">Vous pouvez d\u00e9poser une plainte aupr\u00e8s d&rsquo;une autorit\u00e9 de contr\u00f4le de la protection des donn\u00e9es. L&rsquo;autorit\u00e9 comp\u00e9tente pour nous est : <br data-start=\"4361\" data-end=\"4364\"><strong data-start=\"4364\" data-end=\"4413\">Office bavarois de surveillance de la protection des donn\u00e9es<\/strong><br data-start=\"4413\" data-end=\"4416\">Promenade 18, 91522 Ansbach<br data-start=\"4443\" data-end=\"4446\">E-mail : <a class=\"cursor-pointer\" rel=\"noopener\" data-start=\"4454\" data-end=\"4478\">poststelle@lda.bayern.de<\/a><br data-start=\"4478\" data-end=\"4481\">Web <a class=\"\" href=\"https:\/\/www.lda.bayern.de\/\" target=\"_new\" rel=\"noopener\" data-start=\"4486\" data-end=\"4540\">: https:\/\/www.lda.bayern.de<\/a><\/p>\n<hr data-start=\"4542\" data-end=\"4545\">\n<h2 data-start=\"4547\" data-end=\"4592\"><strong data-start=\"4550\" data-end=\"4590\">Modification de la pr\u00e9sente d\u00e9claration de confidentialit\u00e9<\/strong><\/h2>\n<p data-start=\"4593\" data-end=\"4770\">Cette d\u00e9claration de confidentialit\u00e9 est valable \u00e0 partir du <strong data-start=\"4638\" data-end=\"4654\">8 juillet 2025<\/strong>.<br data-start=\"4655\" data-end=\"4658\">Nous nous r\u00e9servons le droit de la mettre \u00e0 jour en fonction des modifications l\u00e9gales ou des \u00e9volutions techniques.<\/p>\n<hr data-start=\"4772\" data-end=\"4775\">\n<p data-start=\"4777\" data-end=\"4820\">2002-2025 DOCUMENTS JURIDIQUES (Sequiter Inc.)<\/p>\t\t\t\t\t\t\t\t<\/div>\n\t\t\t\t<\/div>\n\t\t\t\t\t<\/div>\n\t\t\t\t<\/div>\n\t\t\t\t<\/div>\n\t\t","protected":false},"excerpt":{"rendered":"<p>Valable pour le site web : https:\/\/www.fgzdorovie.com Remarques g\u00e9n\u00e9rales Cette d\u00e9claration de confidentialit\u00e9 vous informe de ce qu&rsquo;il advient de [&hellip;]<\/p>\n","protected":false},"author":1,"featured_media":0,"parent":0,"menu_order":0,"comment_status":"closed","ping_status":"open","template":"","meta":{"site-sidebar-layout":"default","site-content-layout":"","ast-site-content-layout":"default","site-content-style":"default","site-sidebar-style":"default","ast-global-header-display":"","ast-banner-title-visibility":"","ast-main-header-display":"","ast-hfb-above-header-display":"","ast-hfb-below-header-display":"","ast-hfb-mobile-header-display":"","site-post-title":"","ast-breadcrumbs-content":"","ast-featured-img":"","footer-sml-layout":"","ast-disable-related-posts":"","theme-transparent-header-meta":"","adv-header-id-meta":"","stick-header-meta":"","header-above-stick-meta":"","header-main-stick-meta":"","header-below-stick-meta":"","astra-migrate-meta-layouts":"default","ast-page-background-enabled":"default","ast-page-background-meta":{"desktop":{"background-color":"var(--ast-global-color-5)","background-image":"","background-repeat":"repeat","background-position":"center center","background-size":"auto","background-attachment":"scroll","background-type":"","background-media":"","overlay-type":"","overlay-color":"","overlay-opacity":"","overlay-gradient":""},"tablet":{"background-color":"","background-image":"","background-repeat":"repeat","background-position":"center center","background-size":"auto","background-attachment":"scroll","background-type":"","background-media":"","overlay-type":"","overlay-color":"","overlay-opacity":"","overlay-gradient":""},"mobile":{"background-color":"","background-image":"","background-repeat":"repeat","background-position":"center center","background-size":"auto","background-attachment":"scroll","background-type":"","background-media":"","overlay-type":"","overlay-color":"","overlay-opacity":"","overlay-gradient":""}},"ast-content-background-meta":{"desktop":{"background-color":"var(--ast-global-color-4)","background-image":"","background-repeat":"repeat","background-position":"center center","background-size":"auto","background-attachment":"scroll","background-type":"","background-media":"","overlay-type":"","overlay-color":"","overlay-opacity":"","overlay-gradient":""},"tablet":{"background-color":"var(--ast-global-color-4)","background-image":"","background-repeat":"repeat","background-position":"center center","background-size":"auto","background-attachment":"scroll","background-type":"","background-media":"","overlay-type":"","overlay-color":"","overlay-opacity":"","overlay-gradient":""},"mobile":{"background-color":"var(--ast-global-color-4)","background-image":"","background-repeat":"repeat","background-position":"center center","background-size":"auto","background-attachment":"scroll","background-type":"","background-media":"","overlay-type":"","overlay-color":"","overlay-opacity":"","overlay-gradient":""}},"footnotes":""},"class_list":["post-1954","page","type-page","status-publish","hentry"],"_links":{"self":[{"href":"https:\/\/www.fgzdorovie.com\/fr\/wp-json\/wp\/v2\/pages\/1954","targetHints":{"allow":["GET"]}}],"collection":[{"href":"https:\/\/www.fgzdorovie.com\/fr\/wp-json\/wp\/v2\/pages"}],"about":[{"href":"https:\/\/www.fgzdorovie.com\/fr\/wp-json\/wp\/v2\/types\/page"}],"author":[{"embeddable":true,"href":"https:\/\/www.fgzdorovie.com\/fr\/wp-json\/wp\/v2\/users\/1"}],"replies":[{"embeddable":true,"href":"https:\/\/www.fgzdorovie.com\/fr\/wp-json\/wp\/v2\/comments?post=1954"}],"version-history":[{"count":1,"href":"https:\/\/www.fgzdorovie.com\/fr\/wp-json\/wp\/v2\/pages\/1954\/revisions"}],"predecessor-version":[{"id":1962,"href":"https:\/\/www.fgzdorovie.com\/fr\/wp-json\/wp\/v2\/pages\/1954\/revisions\/1962"}],"wp:attachment":[{"href":"https:\/\/www.fgzdorovie.com\/fr\/wp-json\/wp\/v2\/media?parent=1954"}],"curies":[{"name":"wp","href":"https:\/\/api.w.org\/{rel}","templated":true}]}}