{"id":2035,"date":"2025-07-08T17:11:38","date_gmt":"2025-07-08T17:11:38","guid":{"rendered":"https:\/\/www.fgzdorovie.com\/mentions-legales\/"},"modified":"2025-07-09T11:49:41","modified_gmt":"2025-07-09T11:49:41","slug":"mentions-legales","status":"publish","type":"page","link":"https:\/\/www.fgzdorovie.com\/fr\/mentions-legales\/","title":{"rendered":"Mentions l\u00e9gales"},"content":{"rendered":"\t\t<div data-elementor-type=\"wp-page\" data-elementor-id=\"2035\" class=\"elementor elementor-2035 elementor-1887\" data-elementor-post-type=\"page\">\n\t\t\t\t<div class=\"elementor-element elementor-element-28a5bb2 e-flex e-con-boxed e-con e-parent\" data-id=\"28a5bb2\" data-element_type=\"container\">\n\t\t\t\t\t<div class=\"e-con-inner\">\n\t\t\t\t<div class=\"elementor-element elementor-element-07ecfd3 elementor-widget elementor-widget-heading\" data-id=\"07ecfd3\" data-element_type=\"widget\" data-widget_type=\"heading.default\">\n\t\t\t\t<div class=\"elementor-widget-container\">\n\t\t\t\t\t<h2 class=\"elementor-heading-title elementor-size-default\">Mentions l\u00e9gales<\/h2>\t\t\t\t<\/div>\n\t\t\t\t<\/div>\n\t\t\t\t<div class=\"elementor-element elementor-element-69eb719 elementor-widget elementor-widget-text-editor\" data-id=\"69eb719\" data-element_type=\"widget\" data-widget_type=\"text-editor.default\">\n\t\t\t\t<div class=\"elementor-widget-container\">\n\t\t\t\t\t\t\t\t\t<p data-start=\"241\" data-end=\"323\">conform\u00e9ment au \u00a7 5 de la loi sur les services num\u00e9riques (DDG) et au \u00a7 18, alin\u00e9a 2 du trait\u00e9 d&rsquo;\u00c9tat sur les m\u00e9dias (MStV)<\/p>\n<p data-start=\"325\" data-end=\"478\"><strong data-start=\"325\" data-end=\"377\">FGZdorovie &#8211; Centre d&rsquo;innovation m\u00e9dicale<\/strong><br data-start=\"377\" data-end=\"380\">Propri\u00e9taire : Vladimir Filonenko &amp; Mladen Gajic<br data-start=\"434\" data-end=\"437\">H\u00f6rweg 17<br data-start=\"446\" data-end=\"449\">81248 Munich<br data-start=\"462\" data-end=\"465\">Allemagne<\/p>\n<p data-start=\"480\" data-end=\"611\">\u2709\ufe0f E-mail : <a class=\"cursor-pointer\" rel=\"noopener\" data-start=\"491\" data-end=\"540\">info@fgzdorovie.com<\/a><br data-start=\"540\" data-end=\"543\">\ud83c\udf10 Site web <a class=\"\" href=\"https:\/\/www.fgzdorovie.com\/fr\/\" target=\"_new\" rel=\"noopener\" data-start=\"555\" data-end=\"611\">: https:\/\/www.fgzdorovie.com<\/a><\/p>\n<hr data-start=\"613\" data-end=\"616\">\n<h3 data-start=\"618\" data-end=\"655\">Personnes autoris\u00e9es \u00e0 repr\u00e9senter l&rsquo;entreprise<\/h3>\n<p data-start=\"656\" data-end=\"689\">Vladimir Filonenko &amp; Mladen Gajic<\/p>\n<hr data-start=\"691\" data-end=\"694\">\n<h3 data-start=\"696\" data-end=\"753\">Responsable du contenu conform\u00e9ment au \u00a7 18 Abs. 2 MStV<\/h3>\n<p data-start=\"754\" data-end=\"815\">Vladimir Filonenko &amp; Mladen Gajic<br data-start=\"787\" data-end=\"790\">H\u00f6rweg 17<br data-start=\"799\" data-end=\"802\">81248 Munich<\/p>\n<hr data-start=\"817\" data-end=\"820\">\n<h3 data-start=\"822\" data-end=\"857\">Responsabilit\u00e9 pour le contenu (\u00a7 7 DDG)<\/h3>\n<p data-start=\"858\" data-end=\"1022\">Le contenu de ce site web a \u00e9t\u00e9 \u00e9labor\u00e9 avec le plus grand soin. Nous ne pouvons toutefois pas garantir l&rsquo;exactitude, l&rsquo;exhaustivit\u00e9 et l&rsquo;actualit\u00e9 des contenus. <\/p>\n<hr data-start=\"1024\" data-end=\"1027\">\n<h3 data-start=\"1029\" data-end=\"1066\">Responsabilit\u00e9 pour les liens (\u00a7\u00a7 8-10 DDG)<\/h3>\n<p data-start=\"1067\" data-end=\"1274\">Notre site Web contient des liens vers des sites Web externes de tiers sur lesquels nous n&rsquo;avons aucune influence.<br data-start=\"1170\" data-end=\"1173\">Le fournisseur ou l&rsquo;exploitant respectif est toujours responsable du contenu des pages li\u00e9es.<\/p>\n<hr data-start=\"1276\" data-end=\"1279\">\n<h3 data-start=\"1281\" data-end=\"1314\">Droit d&rsquo;auteur (\u00a7\u00a7 1, 2 UrhG)<\/h3>\n<p data-start=\"1315\" data-end=\"1626\">Les contenus et \u0153uvres cr\u00e9\u00e9s par les exploitants des pages de ce site sont soumis au droit d&rsquo;auteur allemand.<br data-start=\"1432\" data-end=\"1435\">Toute reproduction, modification, diffusion ou utilisation de quelque nature que ce soit en dehors des limites du droit d&rsquo;auteur n\u00e9cessite l&rsquo;accord \u00e9crit des auteurs ou cr\u00e9ateurs respectifs.<\/p>\n<hr data-start=\"1628\" data-end=\"1631\">\n<p data-start=\"1633\" data-end=\"1677\">\u00a9 2025 FGZdorovie &#8211; Tous droits r\u00e9serv\u00e9s.<\/p>\t\t\t\t\t\t\t\t<\/div>\n\t\t\t\t<\/div>\n\t\t\t\t\t<\/div>\n\t\t\t\t<\/div>\n\t\t\t\t<\/div>\n\t\t","protected":false},"excerpt":{"rendered":"<p>Mentions l\u00e9gales conform\u00e9ment au \u00a7 5 de la loi sur les services num\u00e9riques (DDG) et au \u00a7 18, alin\u00e9a 2 [&hellip;]<\/p>\n","protected":false},"author":1,"featured_media":0,"parent":0,"menu_order":0,"comment_status":"closed","ping_status":"closed","template":"","meta":{"site-sidebar-layout":"no-sidebar","site-content-layout":"","ast-site-content-layout":"full-width-container","site-content-style":"default","site-sidebar-style":"default","ast-global-header-display":"","ast-banner-title-visibility":"","ast-main-header-display":"","ast-hfb-above-header-display":"","ast-hfb-below-header-display":"","ast-hfb-mobile-header-display":"","site-post-title":"disabled","ast-breadcrumbs-content":"","ast-featured-img":"disabled","footer-sml-layout":"","ast-disable-related-posts":"","theme-transparent-header-meta":"","adv-header-id-meta":"","stick-header-meta":"","header-above-stick-meta":"","header-main-stick-meta":"","header-below-stick-meta":"","astra-migrate-meta-layouts":"default","ast-page-background-enabled":"default","ast-page-background-meta":{"desktop":{"background-color":"var(--ast-global-color-5)","background-image":"","background-repeat":"repeat","background-position":"center center","background-size":"auto","background-attachment":"scroll","background-type":"","background-media":"","overlay-type":"","overlay-color":"","overlay-opacity":"","overlay-gradient":""},"tablet":{"background-color":"","background-image":"","background-repeat":"repeat","background-position":"center center","background-size":"auto","background-attachment":"scroll","background-type":"","background-media":"","overlay-type":"","overlay-color":"","overlay-opacity":"","overlay-gradient":""},"mobile":{"background-color":"","background-image":"","background-repeat":"repeat","background-position":"center center","background-size":"auto","background-attachment":"scroll","background-type":"","background-media":"","overlay-type":"","overlay-color":"","overlay-opacity":"","overlay-gradient":""}},"ast-content-background-meta":{"desktop":{"background-color":"var(--ast-global-color-4)","background-image":"","background-repeat":"repeat","background-position":"center center","background-size":"auto","background-attachment":"scroll","background-type":"","background-media":"","overlay-type":"","overlay-color":"","overlay-opacity":"","overlay-gradient":""},"tablet":{"background-color":"var(--ast-global-color-4)","background-image":"","background-repeat":"repeat","background-position":"center center","background-size":"auto","background-attachment":"scroll","background-type":"","background-media":"","overlay-type":"","overlay-color":"","overlay-opacity":"","overlay-gradient":""},"mobile":{"background-color":"var(--ast-global-color-4)","background-image":"","background-repeat":"repeat","background-position":"center center","background-size":"auto","background-attachment":"scroll","background-type":"","background-media":"","overlay-type":"","overlay-color":"","overlay-opacity":"","overlay-gradient":""}},"footnotes":""},"class_list":["post-2035","page","type-page","status-publish","hentry"],"_links":{"self":[{"href":"https:\/\/www.fgzdorovie.com\/fr\/wp-json\/wp\/v2\/pages\/2035","targetHints":{"allow":["GET"]}}],"collection":[{"href":"https:\/\/www.fgzdorovie.com\/fr\/wp-json\/wp\/v2\/pages"}],"about":[{"href":"https:\/\/www.fgzdorovie.com\/fr\/wp-json\/wp\/v2\/types\/page"}],"author":[{"embeddable":true,"href":"https:\/\/www.fgzdorovie.com\/fr\/wp-json\/wp\/v2\/users\/1"}],"replies":[{"embeddable":true,"href":"https:\/\/www.fgzdorovie.com\/fr\/wp-json\/wp\/v2\/comments?post=2035"}],"version-history":[{"count":1,"href":"https:\/\/www.fgzdorovie.com\/fr\/wp-json\/wp\/v2\/pages\/2035\/revisions"}],"predecessor-version":[{"id":2043,"href":"https:\/\/www.fgzdorovie.com\/fr\/wp-json\/wp\/v2\/pages\/2035\/revisions\/2043"}],"wp:attachment":[{"href":"https:\/\/www.fgzdorovie.com\/fr\/wp-json\/wp\/v2\/media?parent=2035"}],"curies":[{"name":"wp","href":"https:\/\/api.w.org\/{rel}","templated":true}]}}